{"id":1084,"date":"2025-09-22T00:00:04","date_gmt":"2025-09-21T23:00:04","guid":{"rendered":"https:\/\/simplement-autiste.fr\/?page_id=1084"},"modified":"2025-09-23T22:50:25","modified_gmt":"2025-09-23T21:50:25","slug":"qui-somme-nous","status":"publish","type":"page","link":"https:\/\/simplement-autiste.fr\/","title":{"rendered":"Qui Somme nous !"},"content":{"rendered":"\n<h2 class=\"wp-block-heading has-text-align-center has-ast-global-color-4-color has-text-color has-background has-link-color wp-elements-4e424ab01998b9df1ef16f52640d9ba6\" style=\"border-radius:12px;background-color:#158a15c4;margin-top:var(--wp--preset--spacing--40);margin-right:0;margin-bottom:var(--wp--preset--spacing--40);margin-left:0;padding-top:0;padding-right:0;padding-bottom:0;padding-left:0\">Qui Sommes-Nous ?<\/h2>\n\n\n\n<div class=\"wp-block-group alignwide has-background is-content-justification-center is-layout-constrained wp-container-core-group-is-layout-aaf7e3d0 wp-block-group-is-layout-constrained\" style=\"border-radius:10px;background-color:#f9e382;min-height:0px;margin-bottom:var(--wp--preset--spacing--50);padding-top:var(--wp--preset--spacing--50);padding-right:var(--wp--preset--spacing--20);padding-bottom:var(--wp--preset--spacing--50);padding-left:var(--wp--preset--spacing--20)\">\n<div class=\"wp-block-columns is-layout-flex wp-container-core-columns-is-layout-ebb8eb16 wp-block-columns-is-layout-flex\" style=\"border-style:none;border-width:0px;border-radius:0px;margin-top:0;margin-bottom:0;padding-top:0;padding-right:var(--wp--preset--spacing--40);padding-bottom:0;padding-left:var(--wp--preset--spacing--40)\">\n<div class=\"wp-block-column is-vertically-aligned-center is-layout-flow wp-block-column-is-layout-flow\">\n<figure class=\"wp-block-image alignleft size-full has-custom-border\" style=\"margin-top:0;margin-right:0;margin-bottom:0;margin-left:0\"><img loading=\"lazy\" decoding=\"async\" width=\"546\" height=\"307\" src=\"http:\/\/simplement-autiste.fr\/wp-content\/uploads\/2025\/09\/Titre-2-edited.png\" alt=\"\" class=\"wp-image-919\" style=\"border-style:none;border-width:0px;border-radius:10px;aspect-ratio:1.9466666666666668;object-fit:cover\" srcset=\"https:\/\/simplement-autiste.fr\/wp-content\/uploads\/2025\/09\/Titre-2-edited.png 546w, https:\/\/simplement-autiste.fr\/wp-content\/uploads\/2025\/09\/Titre-2-edited-300x169.png 300w\" sizes=\"auto, (max-width: 546px) 100vw, 546px\" \/><\/figure>\n<\/div>\n\n\n\n<div class=\"wp-block-column is-vertically-aligned-center is-layout-flow wp-block-column-is-layout-flow\">\n<p class=\"has-text-align-left\" style=\"font-size:22px\"><strong>Simplement Autiste est une association loi 1901 fond\u00e9e pour cr\u00e9er du lien social et un espace d\u2019expression pour les personnes concern\u00e9es par un handicap neurod\u00e9veloppemental.<\/strong><\/p>\n<\/div>\n<\/div>\n\n\n\n<div class=\"wp-block-group is-layout-grid wp-container-core-group-is-layout-35292980 wp-block-group-is-layout-grid\" style=\"padding-top:var(--wp--preset--spacing--40);padding-right:var(--wp--preset--spacing--30);padding-bottom:0;padding-left:var(--wp--preset--spacing--30)\">\n<div class=\"wp-block-columns has-border-color has-ast-global-color-4-border-color has-background wp-container-content-69bc4bdf is-layout-flex wp-container-core-columns-is-layout-8780eae4 wp-block-columns-is-layout-flex\" style=\"border-width:3px;border-radius:10px;background:linear-gradient(180deg,rgba(252,185,0,0.12) 0%,rgba(252,185,0,0.85) 100%);padding-top:0;padding-right:var(--wp--preset--spacing--20);padding-bottom:0;padding-left:var(--wp--preset--spacing--20)\">\n<div class=\"wp-block-column is-vertically-aligned-center is-layout-flow wp-block-column-is-layout-flow\">\n<p class=\"has-text-align-center has-ast-global-color-2-color has-text-color has-link-color wp-elements-197eef8bb73e4e440509ff22623cdfb3\"><strong>Notre objectif<\/strong> est de favoriser <strong>l\u2019\u00e9panouissement<\/strong> des participants au travers d\u2019<strong>activit\u00e9s artistiques.<\/strong><\/p>\n<\/div>\n<\/div>\n\n\n\n<div class=\"wp-block-columns has-border-color has-ast-global-color-4-border-color has-background wp-container-content-69bc4bdf is-layout-flex wp-container-core-columns-is-layout-74d018ca wp-block-columns-is-layout-flex\" style=\"border-width:3px;border-radius:10px;background:linear-gradient(180deg,rgba(252,185,0,0.12) 0%,rgba(252,185,0,0.85) 100%);padding-top:var(--wp--preset--spacing--20);padding-right:var(--wp--preset--spacing--20);padding-bottom:var(--wp--preset--spacing--20);padding-left:var(--wp--preset--spacing--20)\">\n<div class=\"wp-block-column is-vertically-aligned-center is-layout-flow wp-block-column-is-layout-flow\">\n<p class=\"has-text-align-center has-ast-global-color-2-color has-text-color has-link-color wp-elements-dbefb5eb55d0fa3963f2f52158da0266\">L\u2019association est <strong>ouverte<\/strong> aux personnes atteintes de <strong>troubles neurod\u00e9veloppementaux<\/strong>, \u00e0 leurs familles, leurs accompagnants, ainsi qu\u2019\u00e0 <strong>toute personne int\u00e9ress\u00e9e.<\/strong><\/p>\n<\/div>\n<\/div>\n\n\n\n<div class=\"wp-block-columns has-border-color has-ast-global-color-4-border-color has-background wp-container-content-69bc4bdf is-layout-flex wp-container-core-columns-is-layout-8780eae4 wp-block-columns-is-layout-flex\" style=\"border-width:3px;border-radius:10px;background:linear-gradient(180deg,rgba(252,185,0,0.12) 0%,rgba(252,185,0,0.85) 100%);padding-top:0;padding-right:var(--wp--preset--spacing--20);padding-bottom:0;padding-left:var(--wp--preset--spacing--20)\">\n<div class=\"wp-block-column is-vertically-aligned-center is-layout-flow wp-block-column-is-layout-flow\">\n<p class=\"has-text-align-center has-ast-global-color-2-color has-text-color has-link-color wp-elements-b2e6d6271e81dd187faef2b9457433bb\">Un cadre <strong>bienveillant<\/strong>, <strong>s\u00e9curis\u00e9<\/strong> et <strong>respectueux<\/strong> des sp\u00e9cificit\u00e9s de chacun.<\/p>\n<\/div>\n<\/div>\n\n\n\n<div class=\"wp-block-columns has-border-color has-ast-global-color-4-border-color has-background wp-container-content-69bc4bdf is-layout-flex wp-container-core-columns-is-layout-8780eae4 wp-block-columns-is-layout-flex\" style=\"border-width:3px;border-radius:10px;background:linear-gradient(180deg,rgba(252,185,0,0.12) 0%,rgba(252,185,0,0.85) 100%);padding-top:0;padding-right:var(--wp--preset--spacing--20);padding-bottom:0;padding-left:var(--wp--preset--spacing--20)\">\n<div class=\"wp-block-column is-vertically-aligned-center is-layout-flow wp-block-column-is-layout-flow\">\n<p class=\"has-text-align-center has-ast-global-color-2-color has-text-color has-link-color wp-elements-a50974df3f23a6cb91da010b1de289dc\">Des temps d\u2019<strong>\u00e9change<\/strong>, de <strong>cr\u00e9ation<\/strong> et de<strong> partage<\/strong>, afin de <strong>rompre l\u2019isolement<\/strong> et encourager l\u2019<strong>expression<\/strong> personnelle.<\/p>\n<\/div>\n<\/div>\n<\/div>\n<\/div>\n","protected":false},"excerpt":{"rendered":"<p>Qui Sommes-Nous ? Simplement Autiste est une association loi 1901 fond\u00e9e pour cr\u00e9er du lien social et un espace d\u2019expression [&hellip;]<\/p>\n","protected":false},"author":1,"featured_media":919,"parent":0,"menu_order":0,"comment_status":"closed","ping_status":"closed","template":"","meta":{"site-sidebar-layout":"default","site-content-layout":"","ast-site-content-layout":"default","site-content-style":"default","site-sidebar-style":"default","ast-global-header-display":"","ast-banner-title-visibility":"","ast-main-header-display":"","ast-hfb-above-header-display":"","ast-hfb-below-header-display":"","ast-hfb-mobile-header-display":"","site-post-title":"disabled","ast-breadcrumbs-content":"","ast-featured-img":"","footer-sml-layout":"","theme-transparent-header-meta":"","adv-header-id-meta":"","stick-header-meta":"","header-above-stick-meta":"","header-main-stick-meta":"","header-below-stick-meta":"","astra-migrate-meta-layouts":"default","ast-page-background-enabled":"default","ast-page-background-meta":{"desktop":{"background-color":"var(--ast-global-color-5)","background-image":"","background-repeat":"repeat","background-position":"center center","background-size":"auto","background-attachment":"scroll","background-type":"","background-media":"","overlay-type":"","overlay-color":"","overlay-opacity":"","overlay-gradient":""},"tablet":{"background-color":"","background-image":"","background-repeat":"repeat","background-position":"center center","background-size":"auto","background-attachment":"scroll","background-type":"","background-media":"","overlay-type":"","overlay-color":"","overlay-opacity":"","overlay-gradient":""},"mobile":{"background-color":"","background-image":"","background-repeat":"repeat","background-position":"center center","background-size":"auto","background-attachment":"scroll","background-type":"","background-media":"","overlay-type":"","overlay-color":"","overlay-opacity":"","overlay-gradient":""}},"ast-content-background-meta":{"desktop":{"background-color":"var(--ast-global-color-4)","background-image":"","background-repeat":"repeat","background-position":"center center","background-size":"auto","background-attachment":"scroll","background-type":"","background-media":"","overlay-type":"","overlay-color":"","overlay-opacity":"","overlay-gradient":""},"tablet":{"background-color":"var(--ast-global-color-4)","background-image":"","background-repeat":"repeat","background-position":"center center","background-size":"auto","background-attachment":"scroll","background-type":"","background-media":"","overlay-type":"","overlay-color":"","overlay-opacity":"","overlay-gradient":""},"mobile":{"background-color":"var(--ast-global-color-4)","background-image":"","background-repeat":"repeat","background-position":"center center","background-size":"auto","background-attachment":"scroll","background-type":"","background-media":"","overlay-type":"","overlay-color":"","overlay-opacity":"","overlay-gradient":""}},"footnotes":""},"class_list":["post-1084","page","type-page","status-publish","has-post-thumbnail","hentry"],"_links":{"self":[{"href":"https:\/\/simplement-autiste.fr\/index.php?rest_route=\/wp\/v2\/pages\/1084","targetHints":{"allow":["GET"]}}],"collection":[{"href":"https:\/\/simplement-autiste.fr\/index.php?rest_route=\/wp\/v2\/pages"}],"about":[{"href":"https:\/\/simplement-autiste.fr\/index.php?rest_route=\/wp\/v2\/types\/page"}],"author":[{"embeddable":true,"href":"https:\/\/simplement-autiste.fr\/index.php?rest_route=\/wp\/v2\/users\/1"}],"replies":[{"embeddable":true,"href":"https:\/\/simplement-autiste.fr\/index.php?rest_route=%2Fwp%2Fv2%2Fcomments&post=1084"}],"version-history":[{"count":108,"href":"https:\/\/simplement-autiste.fr\/index.php?rest_route=\/wp\/v2\/pages\/1084\/revisions"}],"predecessor-version":[{"id":1379,"href":"https:\/\/simplement-autiste.fr\/index.php?rest_route=\/wp\/v2\/pages\/1084\/revisions\/1379"}],"wp:featuredmedia":[{"embeddable":true,"href":"https:\/\/simplement-autiste.fr\/index.php?rest_route=\/wp\/v2\/media\/919"}],"wp:attachment":[{"href":"https:\/\/simplement-autiste.fr\/index.php?rest_route=%2Fwp%2Fv2%2Fmedia&parent=1084"}],"curies":[{"name":"wp","href":"https:\/\/api.w.org\/{rel}","templated":true}]}}